{"id":28,"date":"2021-05-29T22:48:55","date_gmt":"2021-05-29T22:48:55","guid":{"rendered":"http:\/\/viuresobrerodes.cat\/?page_id=28"},"modified":"2021-05-29T22:48:55","modified_gmt":"2021-05-29T22:48:55","slug":"contacteu","status":"publish","type":"page","link":"https:\/\/viuresobrerodes.cat\/?page_id=28","title":{"rendered":"Contacteu"},"content":{"rendered":"\n<p>Aquesta \u00e9s una p\u00e0gina amb informaci\u00f3 de contacte b\u00e0sica, com adre\u00e7a i n\u00famero de tel\u00e8fon. Tamb\u00e9 podeu provar una extensi\u00f3 per afegir un formulari de contacte.<\/p>\n","protected":false},"excerpt":{"rendered":"<p>Aquesta \u00e9s una p\u00e0gina amb informaci\u00f3 de contacte b\u00e0sica, com adre\u00e7a i n\u00famero de tel\u00e8fon. Tamb\u00e9 podeu provar una extensi\u00f3 per afegir un formulari de contacte.<\/p>\n","protected":false},"author":1,"featured_media":0,"parent":0,"menu_order":0,"comment_status":"closed","ping_status":"closed","template":"","meta":{"footnotes":""},"class_list":["post-28","page","type-page","status-publish","hentry"],"jetpack_sharing_enabled":true,"_links":{"self":[{"href":"https:\/\/viuresobrerodes.cat\/index.php?rest_route=\/wp\/v2\/pages\/28","targetHints":{"allow":["GET"]}}],"collection":[{"href":"https:\/\/viuresobrerodes.cat\/index.php?rest_route=\/wp\/v2\/pages"}],"about":[{"href":"https:\/\/viuresobrerodes.cat\/index.php?rest_route=\/wp\/v2\/types\/page"}],"author":[{"embeddable":true,"href":"https:\/\/viuresobrerodes.cat\/index.php?rest_route=\/wp\/v2\/users\/1"}],"replies":[{"embeddable":true,"href":"https:\/\/viuresobrerodes.cat\/index.php?rest_route=%2Fwp%2Fv2%2Fcomments&post=28"}],"version-history":[{"count":1,"href":"https:\/\/viuresobrerodes.cat\/index.php?rest_route=\/wp\/v2\/pages\/28\/revisions"}],"predecessor-version":[{"id":33,"href":"https:\/\/viuresobrerodes.cat\/index.php?rest_route=\/wp\/v2\/pages\/28\/revisions\/33"}],"wp:attachment":[{"href":"https:\/\/viuresobrerodes.cat\/index.php?rest_route=%2Fwp%2Fv2%2Fmedia&parent=28"}],"curies":[{"name":"wp","href":"https:\/\/api.w.org\/{rel}","templated":true}]}}